{"id":37,"date":"2026-03-08T17:10:18","date_gmt":"2026-03-08T17:10:18","guid":{"rendered":"https:\/\/eljoilfield.com\/?page_id=37"},"modified":"2026-04-06T23:40:35","modified_gmt":"2026-04-06T23:40:35","slug":"hse-conformite","status":"publish","type":"page","link":"https:\/\/eljoilfield.com\/en\/hse-conformite\/","title":{"rendered":"HSE &#038; Conformit\u00e9"},"content":{"rendered":"<div data-elementor-type=\"wp-page\" data-elementor-id=\"37\" class=\"elementor elementor-37\">\n\t\t\t\t<div class=\"elementor-element elementor-element-808b725 e-flex e-con-boxed e-con e-parent\" data-id=\"808b725\" data-element_type=\"container\" data-e-type=\"container\">\n\t\t\t\t\t<div class=\"e-con-inner\">\n\t\t\t\t<div class=\"elementor-element elementor-element-c9c4a4f elementor-widget elementor-widget-image\" data-id=\"c9c4a4f\" data-element_type=\"widget\" data-e-type=\"widget\" data-widget_type=\"image.default\">\n\t\t\t\t\t\t\t\t\t\t\t\t\t\t\t<img fetchpriority=\"high\" decoding=\"async\" width=\"640\" height=\"426\" src=\"https:\/\/eljoilfield.com\/wp-content\/uploads\/2026\/03\/HSE-1024x682.jpg\" class=\"attachment-large size-large wp-image-85\" alt=\"\" srcset=\"https:\/\/eljoilfield.com\/wp-content\/uploads\/2026\/03\/HSE-1024x682.jpg 1024w, https:\/\/eljoilfield.com\/wp-content\/uploads\/2026\/03\/HSE-300x200.jpg 300w, https:\/\/eljoilfield.com\/wp-content\/uploads\/2026\/03\/HSE-768x512.jpg 768w, https:\/\/eljoilfield.com\/wp-content\/uploads\/2026\/03\/HSE-18x12.jpg 18w, https:\/\/eljoilfield.com\/wp-content\/uploads\/2026\/03\/HSE.jpg 1280w\" sizes=\"(max-width: 640px) 100vw, 640px\" \/>\t\t\t\t\t\t\t\t\t\t\t\t\t\t\t<\/div>\n\t\t\t\t<div class=\"elementor-element elementor-element-8a960bf elementor-widget elementor-widget-text-editor\" data-id=\"8a960bf\" data-element_type=\"widget\" data-e-type=\"widget\" data-widget_type=\"text-editor.default\">\n\t\t\t\t\t\t\t\t\t<p>ELJ Oilfield Services s&rsquo;engage \u00e0 respecter les normes les plus strictes en mati\u00e8re de sant\u00e9, de s\u00e9curit\u00e9, de protection de l&rsquo;environnement et de conformit\u00e9 r\u00e9glementaire dans toutes ses activit\u00e9s.<\/p>\n<h3>Sant\u00e9, s\u00e9curit\u00e9 et environnement<\/h3>\n<p>La s\u00e9curit\u00e9 et la responsabilit\u00e9 environnementale sont au c\u0153ur de la philosophie op\u00e9rationnelle d&rsquo;ELJ Oilfield Services. Notre syst\u00e8me de gestion HSE est conforme aux pratiques internationales du secteur.<\/p>\t\t\t\t\t\t\t\t<\/div>\n\t\t\t\t\t<\/div>\n\t\t\t\t<\/div>\n\t\t<div class=\"elementor-element elementor-element-a714d2b e-flex e-con-boxed e-con e-parent\" data-id=\"a714d2b\" data-element_type=\"container\" data-e-type=\"container\">\n\t\t\t\t\t<div class=\"e-con-inner\">\n\t\t\t\t<div class=\"elementor-element elementor-element-2d987ec elementor-widget elementor-widget-text-editor\" data-id=\"2d987ec\" data-element_type=\"widget\" data-e-type=\"widget\" data-widget_type=\"text-editor.default\">\n\t\t\t\t\t\t\t\t\t<h3>Gouvernance et \u00e9thique<\/h3>\n<p>ELJ Oilfield Services m\u00e8ne ses activit\u00e9s avec int\u00e9grit\u00e9, transparence et responsabilit\u00e9, conform\u00e9ment aux lois applicables et aux meilleures pratiques internationales.<\/p>\n<p>ELJ applique une politique de tol\u00e9rance z\u00e9ro en mati\u00e8re de corruption.<\/p>\n<h3>Nos principes fondamentaux<\/h3>\n<ul>\n<li>Int\u00e9grit\u00e9<\/li>\n<li>Transparence<\/li>\n<li>Conformit\u00e9 r\u00e9glementaire<\/li>\n<li>Responsabilit\u00e9 professionnelle<\/li>\n<li>Gestion structur\u00e9e des risques<\/li>\n<\/ul>\n<p>Nous mettons en \u0153uvre :<\/p>\n<ul>\n<li>Des m\u00e9canismes de contr\u00f4le interne<\/li>\n<li>Une tra\u00e7abilit\u00e9 d\u00e9cisionnelle<\/li>\n<li>Une politique anticorruption stricte<\/li>\n<\/ul>\t\t\t\t\t\t\t\t<\/div>\n\t\t\t\t<div class=\"elementor-element elementor-element-2505788 elementor-widget elementor-widget-text-editor\" data-id=\"2505788\" data-element_type=\"widget\" data-e-type=\"widget\" data-widget_type=\"text-editor.default\">\n\t\t\t\t\t\t\t\t\t<h3>Documents de r\u00e9f\u00e9rence<\/h3>\t\t\t\t\t\t\t\t<\/div>\n\t\t\t\t\t<\/div>\n\t\t\t\t<\/div>\n\t\t<div class=\"elementor-element elementor-element-6941492 e-flex e-con-boxed e-con e-parent\" data-id=\"6941492\" data-element_type=\"container\" data-e-type=\"container\">\n\t\t\t\t\t<div class=\"e-con-inner\">\n\t\t\t\t<div class=\"elementor-element elementor-element-3241212 elementor-widget elementor-widget-text-editor\" data-id=\"3241212\" data-element_type=\"widget\" data-e-type=\"widget\" data-widget_type=\"text-editor.default\">\n\t\t\t\t\t\t\t\t\t<ul><li><a href=\"https:\/\/eljoilfield.com\/wp-content\/uploads\/2026\/04\/Politique-QHSE.pdf\">Politique QHSE<\/a><\/li><li><a href=\"https:\/\/eljoilfield.com\/wp-content\/uploads\/2026\/04\/Politique-Environnementale.pdf\">Politique environnementale<\/a><\/li><li><a href=\"https:\/\/eljoilfield.com\/wp-content\/uploads\/2026\/04\/Cadre-de-gouvernance.pdf\">Cadre de gouvernance d&rsquo;\u00e9thique et de conformit\u00e9<\/a><\/li><li><a href=\"https:\/\/eljoilfield.com\/wp-content\/uploads\/2026\/04\/Code-de-conduite.pdf\">Code de conduite<\/a><\/li><\/ul>\t\t\t\t\t\t\t\t<\/div>\n\t\t\t\t\t<\/div>\n\t\t\t\t<\/div>\n\t\t\t\t<\/div>","protected":false},"excerpt":{"rendered":"<p>ELJ Oilfield Services s&rsquo;engage \u00e0 respecter les normes les plus strictes en mati\u00e8re de sant\u00e9, de s\u00e9curit\u00e9, de protection de l&rsquo;environnement et de conformit\u00e9 r\u00e9glementaire dans toutes ses activit\u00e9s. Sant\u00e9, s\u00e9curit\u00e9 et environnement La s\u00e9curit\u00e9 et la responsabilit\u00e9 environnementale sont au c\u0153ur de la philosophie op\u00e9rationnelle d&rsquo;ELJ Oilfield Services. Notre syst\u00e8me de gestion HSE est [&hellip;]<\/p>\n","protected":false},"author":1,"featured_media":0,"parent":0,"menu_order":0,"comment_status":"closed","ping_status":"closed","template":"elementor_header_footer","meta":{"footnotes":""},"class_list":["post-37","page","type-page","status-publish","hentry"],"yoast_head":"<!-- This site is optimized with the Yoast SEO plugin v27.5 - https:\/\/yoast.com\/product\/yoast-seo-wordpress\/ -->\n<title>HSE &amp; Conformit\u00e9 -<\/title>\n<meta name=\"robots\" content=\"index, follow, max-snippet:-1, max-image-preview:large, max-video-preview:-1\" \/>\n<link rel=\"canonical\" href=\"https:\/\/eljoilfield.com\/en\/hse-conformite\/\" \/>\n<meta property=\"og:locale\" content=\"en_US\" \/>\n<meta property=\"og:type\" content=\"article\" \/>\n<meta property=\"og:title\" content=\"HSE &amp; Conformit\u00e9 -\" \/>\n<meta property=\"og:description\" content=\"ELJ Oilfield Services s&rsquo;engage \u00e0 respecter les normes les plus strictes en mati\u00e8re de sant\u00e9, de s\u00e9curit\u00e9, de protection de l&rsquo;environnement et de conformit\u00e9 r\u00e9glementaire dans toutes ses activit\u00e9s. Sant\u00e9, s\u00e9curit\u00e9 et environnement La s\u00e9curit\u00e9 et la responsabilit\u00e9 environnementale sont au c\u0153ur de la philosophie op\u00e9rationnelle d&rsquo;ELJ Oilfield Services. Notre syst\u00e8me de gestion HSE est [&hellip;]\" \/>\n<meta property=\"og:url\" content=\"https:\/\/eljoilfield.com\/en\/hse-conformite\/\" \/>\n<meta property=\"article:modified_time\" content=\"2026-04-06T23:40:35+00:00\" \/>\n<meta property=\"og:image\" content=\"https:\/\/eljoilfield.com\/wp-content\/uploads\/2026\/03\/HSE.jpg\" \/>\n\t<meta property=\"og:image:width\" content=\"1280\" \/>\n\t<meta property=\"og:image:height\" content=\"853\" \/>\n\t<meta property=\"og:image:type\" content=\"image\/jpeg\" \/>\n<meta name=\"twitter:card\" content=\"summary_large_image\" \/>\n<meta name=\"twitter:label1\" content=\"Est. reading time\" \/>\n\t<meta name=\"twitter:data1\" content=\"1 minute\" \/>\n<script type=\"application\/ld+json\" class=\"yoast-schema-graph\">{\"@context\":\"https:\\\/\\\/schema.org\",\"@graph\":[{\"@type\":\"WebPage\",\"@id\":\"https:\\\/\\\/eljoilfield.com\\\/hse-conformite\\\/\",\"url\":\"https:\\\/\\\/eljoilfield.com\\\/hse-conformite\\\/\",\"name\":\"HSE & Conformit\u00e9 -\",\"isPartOf\":{\"@id\":\"https:\\\/\\\/eljoilfield.com\\\/#website\"},\"primaryImageOfPage\":{\"@id\":\"https:\\\/\\\/eljoilfield.com\\\/hse-conformite\\\/#primaryimage\"},\"image\":{\"@id\":\"https:\\\/\\\/eljoilfield.com\\\/hse-conformite\\\/#primaryimage\"},\"thumbnailUrl\":\"https:\\\/\\\/eljoilfield.com\\\/wp-content\\\/uploads\\\/2026\\\/03\\\/HSE-1024x682.jpg\",\"datePublished\":\"2026-03-08T17:10:18+00:00\",\"dateModified\":\"2026-04-06T23:40:35+00:00\",\"breadcrumb\":{\"@id\":\"https:\\\/\\\/eljoilfield.com\\\/hse-conformite\\\/#breadcrumb\"},\"inLanguage\":\"en-US\",\"potentialAction\":[{\"@type\":\"ReadAction\",\"target\":[\"https:\\\/\\\/eljoilfield.com\\\/hse-conformite\\\/\"]}]},{\"@type\":\"ImageObject\",\"inLanguage\":\"en-US\",\"@id\":\"https:\\\/\\\/eljoilfield.com\\\/hse-conformite\\\/#primaryimage\",\"url\":\"https:\\\/\\\/eljoilfield.com\\\/wp-content\\\/uploads\\\/2026\\\/03\\\/HSE-1024x682.jpg\",\"contentUrl\":\"https:\\\/\\\/eljoilfield.com\\\/wp-content\\\/uploads\\\/2026\\\/03\\\/HSE-1024x682.jpg\"},{\"@type\":\"BreadcrumbList\",\"@id\":\"https:\\\/\\\/eljoilfield.com\\\/hse-conformite\\\/#breadcrumb\",\"itemListElement\":[{\"@type\":\"ListItem\",\"position\":1,\"name\":\"Home\",\"item\":\"https:\\\/\\\/eljoilfield.com\\\/\"},{\"@type\":\"ListItem\",\"position\":2,\"name\":\"HSE &#038; Conformit\u00e9\"}]},{\"@type\":\"WebSite\",\"@id\":\"https:\\\/\\\/eljoilfield.com\\\/#website\",\"url\":\"https:\\\/\\\/eljoilfield.com\\\/\",\"name\":\"\",\"description\":\"\",\"potentialAction\":[{\"@type\":\"SearchAction\",\"target\":{\"@type\":\"EntryPoint\",\"urlTemplate\":\"https:\\\/\\\/eljoilfield.com\\\/?s={search_term_string}\"},\"query-input\":{\"@type\":\"PropertyValueSpecification\",\"valueRequired\":true,\"valueName\":\"search_term_string\"}}],\"inLanguage\":\"en-US\"}]}<\/script>\n<!-- \/ Yoast SEO plugin. -->","yoast_head_json":{"title":"HSE & Conformit\u00e9 -","robots":{"index":"index","follow":"follow","max-snippet":"max-snippet:-1","max-image-preview":"max-image-preview:large","max-video-preview":"max-video-preview:-1"},"canonical":"https:\/\/eljoilfield.com\/en\/hse-conformite\/","og_locale":"en_US","og_type":"article","og_title":"HSE & Conformit\u00e9 -","og_description":"ELJ Oilfield Services s&rsquo;engage \u00e0 respecter les normes les plus strictes en mati\u00e8re de sant\u00e9, de s\u00e9curit\u00e9, de protection de l&rsquo;environnement et de conformit\u00e9 r\u00e9glementaire dans toutes ses activit\u00e9s. Sant\u00e9, s\u00e9curit\u00e9 et environnement La s\u00e9curit\u00e9 et la responsabilit\u00e9 environnementale sont au c\u0153ur de la philosophie op\u00e9rationnelle d&rsquo;ELJ Oilfield Services. Notre syst\u00e8me de gestion HSE est [&hellip;]","og_url":"https:\/\/eljoilfield.com\/en\/hse-conformite\/","article_modified_time":"2026-04-06T23:40:35+00:00","og_image":[{"width":1280,"height":853,"url":"https:\/\/eljoilfield.com\/wp-content\/uploads\/2026\/03\/HSE.jpg","type":"image\/jpeg"}],"twitter_card":"summary_large_image","twitter_misc":{"Est. reading time":"1 minute"},"schema":{"@context":"https:\/\/schema.org","@graph":[{"@type":"WebPage","@id":"https:\/\/eljoilfield.com\/hse-conformite\/","url":"https:\/\/eljoilfield.com\/hse-conformite\/","name":"HSE & Conformit\u00e9 -","isPartOf":{"@id":"https:\/\/eljoilfield.com\/#website"},"primaryImageOfPage":{"@id":"https:\/\/eljoilfield.com\/hse-conformite\/#primaryimage"},"image":{"@id":"https:\/\/eljoilfield.com\/hse-conformite\/#primaryimage"},"thumbnailUrl":"https:\/\/eljoilfield.com\/wp-content\/uploads\/2026\/03\/HSE-1024x682.jpg","datePublished":"2026-03-08T17:10:18+00:00","dateModified":"2026-04-06T23:40:35+00:00","breadcrumb":{"@id":"https:\/\/eljoilfield.com\/hse-conformite\/#breadcrumb"},"inLanguage":"en-US","potentialAction":[{"@type":"ReadAction","target":["https:\/\/eljoilfield.com\/hse-conformite\/"]}]},{"@type":"ImageObject","inLanguage":"en-US","@id":"https:\/\/eljoilfield.com\/hse-conformite\/#primaryimage","url":"https:\/\/eljoilfield.com\/wp-content\/uploads\/2026\/03\/HSE-1024x682.jpg","contentUrl":"https:\/\/eljoilfield.com\/wp-content\/uploads\/2026\/03\/HSE-1024x682.jpg"},{"@type":"BreadcrumbList","@id":"https:\/\/eljoilfield.com\/hse-conformite\/#breadcrumb","itemListElement":[{"@type":"ListItem","position":1,"name":"Home","item":"https:\/\/eljoilfield.com\/"},{"@type":"ListItem","position":2,"name":"HSE &#038; Conformit\u00e9"}]},{"@type":"WebSite","@id":"https:\/\/eljoilfield.com\/#website","url":"https:\/\/eljoilfield.com\/","name":"","description":"","potentialAction":[{"@type":"SearchAction","target":{"@type":"EntryPoint","urlTemplate":"https:\/\/eljoilfield.com\/?s={search_term_string}"},"query-input":{"@type":"PropertyValueSpecification","valueRequired":true,"valueName":"search_term_string"}}],"inLanguage":"en-US"}]}},"_links":{"self":[{"href":"https:\/\/eljoilfield.com\/en\/wp-json\/wp\/v2\/pages\/37","targetHints":{"allow":["GET"]}}],"collection":[{"href":"https:\/\/eljoilfield.com\/en\/wp-json\/wp\/v2\/pages"}],"about":[{"href":"https:\/\/eljoilfield.com\/en\/wp-json\/wp\/v2\/types\/page"}],"author":[{"embeddable":true,"href":"https:\/\/eljoilfield.com\/en\/wp-json\/wp\/v2\/users\/1"}],"replies":[{"embeddable":true,"href":"https:\/\/eljoilfield.com\/en\/wp-json\/wp\/v2\/comments?post=37"}],"version-history":[{"count":61,"href":"https:\/\/eljoilfield.com\/en\/wp-json\/wp\/v2\/pages\/37\/revisions"}],"predecessor-version":[{"id":429,"href":"https:\/\/eljoilfield.com\/en\/wp-json\/wp\/v2\/pages\/37\/revisions\/429"}],"wp:attachment":[{"href":"https:\/\/eljoilfield.com\/en\/wp-json\/wp\/v2\/media?parent=37"}],"curies":[{"name":"wp","href":"https:\/\/api.w.org\/{rel}","templated":true}]}}