{"id":27,"date":"2026-03-08T16:05:24","date_gmt":"2026-03-08T16:05:24","guid":{"rendered":"https:\/\/eljoilfield.com\/?page_id=27"},"modified":"2026-04-06T23:13:54","modified_gmt":"2026-04-06T23:13:54","slug":"services","status":"publish","type":"page","link":"https:\/\/eljoilfield.com\/en\/services\/","title":{"rendered":"Services"},"content":{"rendered":"<div data-elementor-type=\"wp-page\" data-elementor-id=\"27\" class=\"elementor elementor-27\">\n\t\t\t\t<div class=\"elementor-element elementor-element-7f54c2d e-flex e-con-boxed e-con e-parent\" data-id=\"7f54c2d\" data-element_type=\"container\" data-e-type=\"container\">\n\t\t\t\t\t<div class=\"e-con-inner\">\n\t\t\t\t<div class=\"elementor-element elementor-element-16434f5 elementor-widget elementor-widget-text-editor\" data-id=\"16434f5\" data-element_type=\"widget\" data-e-type=\"widget\" data-widget_type=\"text-editor.default\">\n\t\t\t\t\t\t\t\t\t<p>ELJ Oilfield Services accompagne les op\u00e9rateurs dans l\u2019am\u00e9lioration de la performance des puits en combinant expertise terrain, optimisation technique et pilotage des op\u00e9rations, avec pour objectif l\u2019optimisation de la production et la performance globale des interventions.<\/p>\t\t\t\t\t\t\t\t<\/div>\n\t\t\t\t\t<\/div>\n\t\t\t\t<\/div>\n\t\t<div class=\"elementor-element elementor-element-d8bef3b e-grid e-con-boxed e-con e-parent\" data-id=\"d8bef3b\" data-element_type=\"container\" data-e-type=\"container\">\n\t\t\t\t\t<div class=\"e-con-inner\">\n\t\t\t\t<div class=\"elementor-element elementor-element-d41f39a elementor-hidden-mobile elementor-widget elementor-widget-text-editor\" data-id=\"d41f39a\" data-element_type=\"widget\" data-e-type=\"widget\" data-widget_type=\"text-editor.default\">\n\t\t\t\t\t\t\t\t\t<h2 class=\"wp-block-heading\">Support Op\u00e9rationnel &amp; Workover<\/h2>\n<p><!-- \/wp:heading --><!-- wp:paragraph --><!-- \/wp:paragraph --><!-- wp:paragraph --><\/p>\n<p>Ayant pour objectif d\u2019assurer des op\u00e9rations ma\u00eetris\u00e9es et efficaces. ELJ Oilfield Services assure la supervision et la coordination des op\u00e9rations de workover et d\u2019intervention sur puits, avec un focus sur la qualit\u00e9 d\u2019ex\u00e9cution et la performance.<\/p>\n<p>Nos interventions couvrent:<\/p>\n<p><!-- \/wp:paragraph --><!-- wp:list --><\/p>\n<ul class=\"wp-block-list\">\n<li>Op\u00e9rations de workover (ESP, tubing, int\u00e9grit\u00e9 puits).<\/li>\n<li>\u2060Coiled tubing et slickline.<\/li>\n<li>\u2060Operations correctives et maintenance de puits.<\/li>\n<li>\u2060Gestion de l\u2019int\u00e9grit\u00e9 et des risques.<\/li>\n<\/ul>\n<p><!-- \/wp:list-item --><!-- wp:list-item --><\/p>\n<p><!-- \/wp:list-item --><\/p>\n<p><!-- \/wp:list --><!-- wp:paragraph --><\/p>\n<p>Nos responsabilit\u00e9s incluent :<\/p>\n<ul class=\"wp-block-list\">\n<li>Supervision terrain.<\/li>\n<li>Coordination des prestataires.<\/li>\n<li>Prise de d\u00e9cision en temps r\u00e9el.<\/li>\n<li>Suivi de la performance op\u00e9rationnelle.<\/li>\n<li>Application des standards HSE.<\/li>\n<\/ul>\t\t\t\t\t\t\t\t<\/div>\n\t\t\t\t<div class=\"elementor-element elementor-element-7a4be82 elementor-widget elementor-widget-image\" data-id=\"7a4be82\" data-element_type=\"widget\" data-e-type=\"widget\" data-widget_type=\"image.default\">\n\t\t\t\t\t\t\t\t\t\t\t\t\t\t\t<img fetchpriority=\"high\" decoding=\"async\" width=\"640\" height=\"427\" src=\"https:\/\/eljoilfield.com\/wp-content\/uploads\/2026\/03\/Well-intervention-1024x683.jpg\" class=\"attachment-large size-large wp-image-211\" alt=\"\" srcset=\"https:\/\/eljoilfield.com\/wp-content\/uploads\/2026\/03\/Well-intervention-1024x683.jpg 1024w, https:\/\/eljoilfield.com\/wp-content\/uploads\/2026\/03\/Well-intervention-300x200.jpg 300w, https:\/\/eljoilfield.com\/wp-content\/uploads\/2026\/03\/Well-intervention-768x512.jpg 768w, https:\/\/eljoilfield.com\/wp-content\/uploads\/2026\/03\/Well-intervention-18x12.jpg 18w, https:\/\/eljoilfield.com\/wp-content\/uploads\/2026\/03\/Well-intervention.jpg 1536w\" sizes=\"(max-width: 640px) 100vw, 640px\" \/>\t\t\t\t\t\t\t\t\t\t\t\t\t\t\t<\/div>\n\t\t\t\t<div class=\"elementor-element elementor-element-4c42b66 elementor-widget elementor-widget-image\" data-id=\"4c42b66\" data-element_type=\"widget\" data-e-type=\"widget\" data-widget_type=\"image.default\">\n\t\t\t\t\t\t\t\t\t\t\t\t\t\t\t<img decoding=\"async\" width=\"640\" height=\"427\" src=\"https:\/\/eljoilfield.com\/wp-content\/uploads\/2026\/03\/Stimulation-des-puits-1024x683.jpg\" class=\"attachment-large size-large wp-image-209\" alt=\"\" srcset=\"https:\/\/eljoilfield.com\/wp-content\/uploads\/2026\/03\/Stimulation-des-puits-1024x683.jpg 1024w, https:\/\/eljoilfield.com\/wp-content\/uploads\/2026\/03\/Stimulation-des-puits-300x200.jpg 300w, https:\/\/eljoilfield.com\/wp-content\/uploads\/2026\/03\/Stimulation-des-puits-768x512.jpg 768w, https:\/\/eljoilfield.com\/wp-content\/uploads\/2026\/03\/Stimulation-des-puits-18x12.jpg 18w, https:\/\/eljoilfield.com\/wp-content\/uploads\/2026\/03\/Stimulation-des-puits.jpg 1536w\" sizes=\"(max-width: 640px) 100vw, 640px\" \/>\t\t\t\t\t\t\t\t\t\t\t\t\t\t\t<\/div>\n\t\t\t\t<div class=\"elementor-element elementor-element-e446bd1 elementor-widget elementor-widget-text-editor\" data-id=\"e446bd1\" data-element_type=\"widget\" data-e-type=\"widget\" data-widget_type=\"text-editor.default\">\n\t\t\t\t\t\t\t\t\t<h3>Optimisation des Interventions &amp; Stimulation<\/h3>\n<!-- \/wp:heading --><!-- wp:paragraph --><!-- \/wp:paragraph --><!-- wp:paragraph -->\n<p>Dans un soucis premier de maximiser la production par intervention, ELJ Oilfield Services optimise la conception et l\u2019ex\u00e9cution des interventions afin de maximiser la production et le retour sur investissement. Domaines d\u2019intervention :<\/p>\n<!-- \/wp:list-item --><!-- wp:list-item -->\n<ul class=\"wp-block-list\">\n<li>Acidification matricielle.<\/li>\n<li>Stimulation chimique.<\/li>\n<li>Fracturation hydraulique.<\/li>\n<li>Optimisation des traitements de production.<\/li>\n<\/ul>\n<!-- \/wp:list-item --><!-- \/wp:list --><!-- wp:paragraph -->\n<p>Nos actions :<\/p>\n<ul class=\"wp-block-list\">\n<li>S\u00e9lection des puits candidats.<\/li>\n<li>Revue et optimisation des programmes.<\/li>\n<li>Analyse des performances post-intervention.<\/li>\n<li>Am\u00e9lioration continue des traitements.<\/li>\n<\/ul>\t\t\t\t\t\t\t\t<\/div>\n\t\t\t\t<div class=\"elementor-element elementor-element-31e800f elementor-widget elementor-widget-text-editor\" data-id=\"31e800f\" data-element_type=\"widget\" data-e-type=\"widget\" data-widget_type=\"text-editor.default\">\n\t\t\t\t\t\t\t\t\t<h3 class=\"wp-block-heading\">Optimisation de la Performance Champ<\/h3><p class=\"wp-block-heading\">ELJ Oilfield Services accompagne les op\u00e9rateurs dans la priorisation et l\u2019optimisation des interventions \u00e0 l\u2019\u00e9chelle du champ.<\/p><p>Notre approche :<\/p><ul class=\"wp-block-list\"><li>Diagnostic rapide du champ.<\/li><li>Analyse des donn\u00e9es disponibles.<\/li><li>Identification des opportunit\u00e9s \u00e0 forte valeur.<\/li><li>Priorisation des interventions.<\/li><li>Int\u00e9gration r\u00e9servoir \/ production.<\/li><\/ul><p>Nos actions :<\/p><ul class=\"wp-block-list\"><li>Suivi des performances en continu.<\/li><li>La mise en place d\u2019indicateurs(KPI).<\/li><li>L\u2019optimisation des plans de d\u00e9veloppement.<\/li><li>La coordination entre \u00e9quipes techniques (g\u00e9osciences, production, forage).<\/li><li>L\u2019\u00e9valuation technico-\u00e9conomique des sc\u00e9narios.<\/li><li>L\u2019ajustement des strat\u00e9gies en fonction des r\u00e9sultats terrain et l\u2019am\u00e9lioration continue des processus.<\/li><\/ul>\t\t\t\t\t\t\t\t<\/div>\n\t\t\t\t<div class=\"elementor-element elementor-element-8ff15c6 elementor-widget elementor-widget-image\" data-id=\"8ff15c6\" data-element_type=\"widget\" data-e-type=\"widget\" data-widget_type=\"image.default\">\n\t\t\t\t\t\t\t\t\t\t\t\t\t\t\t<img decoding=\"async\" width=\"640\" height=\"426\" src=\"https:\/\/eljoilfield.com\/wp-content\/uploads\/2026\/03\/Optimisation-de-la-performance-1024x682.jpg\" class=\"attachment-large size-large wp-image-289\" alt=\"Optimisation de la performance\" srcset=\"https:\/\/eljoilfield.com\/wp-content\/uploads\/2026\/03\/Optimisation-de-la-performance-1024x682.jpg 1024w, https:\/\/eljoilfield.com\/wp-content\/uploads\/2026\/03\/Optimisation-de-la-performance-300x200.jpg 300w, https:\/\/eljoilfield.com\/wp-content\/uploads\/2026\/03\/Optimisation-de-la-performance-768x512.jpg 768w, https:\/\/eljoilfield.com\/wp-content\/uploads\/2026\/03\/Optimisation-de-la-performance-18x12.jpg 18w, https:\/\/eljoilfield.com\/wp-content\/uploads\/2026\/03\/Optimisation-de-la-performance.jpg 1280w\" sizes=\"(max-width: 640px) 100vw, 640px\" \/>\t\t\t\t\t\t\t\t\t\t\t\t\t\t\t<\/div>\n\t\t\t\t\t<\/div>\n\t\t\t\t<\/div>\n\t\t\t\t<\/div>","protected":false},"excerpt":{"rendered":"<p>ELJ Oilfield Services accompagne les op\u00e9rateurs dans l\u2019am\u00e9lioration de la performance des puits en combinant expertise terrain, optimisation technique et pilotage des op\u00e9rations, avec pour objectif l\u2019optimisation de la production et la performance globale des interventions. Support Op\u00e9rationnel &amp; Workover Ayant pour objectif d\u2019assurer des op\u00e9rations ma\u00eetris\u00e9es et efficaces. ELJ Oilfield Services assure la supervision [&hellip;]<\/p>\n","protected":false},"author":1,"featured_media":0,"parent":0,"menu_order":0,"comment_status":"closed","ping_status":"closed","template":"elementor_header_footer","meta":{"footnotes":""},"class_list":["post-27","page","type-page","status-publish","hentry"],"yoast_head":"<!-- This site is optimized with the Yoast SEO plugin v27.5 - https:\/\/yoast.com\/product\/yoast-seo-wordpress\/ -->\n<title>Services -<\/title>\n<meta name=\"robots\" content=\"index, follow, max-snippet:-1, max-image-preview:large, max-video-preview:-1\" \/>\n<link rel=\"canonical\" href=\"https:\/\/eljoilfield.com\/en\/services\/\" \/>\n<meta property=\"og:locale\" content=\"en_US\" \/>\n<meta property=\"og:type\" content=\"article\" \/>\n<meta property=\"og:title\" content=\"Services -\" \/>\n<meta property=\"og:description\" content=\"ELJ Oilfield Services accompagne les op\u00e9rateurs dans l\u2019am\u00e9lioration de la performance des puits en combinant expertise terrain, optimisation technique et pilotage des op\u00e9rations, avec pour objectif l\u2019optimisation de la production et la performance globale des interventions. Support Op\u00e9rationnel &amp; Workover Ayant pour objectif d\u2019assurer des op\u00e9rations ma\u00eetris\u00e9es et efficaces. ELJ Oilfield Services assure la supervision [&hellip;]\" \/>\n<meta property=\"og:url\" content=\"https:\/\/eljoilfield.com\/en\/services\/\" \/>\n<meta property=\"article:modified_time\" content=\"2026-04-06T23:13:54+00:00\" \/>\n<meta property=\"og:image\" content=\"https:\/\/eljoilfield.com\/wp-content\/uploads\/2026\/03\/Well-intervention.jpg\" \/>\n\t<meta property=\"og:image:width\" content=\"1536\" \/>\n\t<meta property=\"og:image:height\" content=\"1024\" \/>\n\t<meta property=\"og:image:type\" content=\"image\/jpeg\" \/>\n<meta name=\"twitter:card\" content=\"summary_large_image\" \/>\n<meta name=\"twitter:label1\" content=\"Est. reading time\" \/>\n\t<meta name=\"twitter:data1\" content=\"2 minutes\" \/>\n<script type=\"application\/ld+json\" class=\"yoast-schema-graph\">{\"@context\":\"https:\\\/\\\/schema.org\",\"@graph\":[{\"@type\":\"WebPage\",\"@id\":\"https:\\\/\\\/eljoilfield.com\\\/services\\\/\",\"url\":\"https:\\\/\\\/eljoilfield.com\\\/services\\\/\",\"name\":\"Services -\",\"isPartOf\":{\"@id\":\"https:\\\/\\\/eljoilfield.com\\\/#website\"},\"primaryImageOfPage\":{\"@id\":\"https:\\\/\\\/eljoilfield.com\\\/services\\\/#primaryimage\"},\"image\":{\"@id\":\"https:\\\/\\\/eljoilfield.com\\\/services\\\/#primaryimage\"},\"thumbnailUrl\":\"https:\\\/\\\/eljoilfield.com\\\/wp-content\\\/uploads\\\/2026\\\/03\\\/Well-intervention-1024x683.jpg\",\"datePublished\":\"2026-03-08T16:05:24+00:00\",\"dateModified\":\"2026-04-06T23:13:54+00:00\",\"breadcrumb\":{\"@id\":\"https:\\\/\\\/eljoilfield.com\\\/services\\\/#breadcrumb\"},\"inLanguage\":\"en-US\",\"potentialAction\":[{\"@type\":\"ReadAction\",\"target\":[\"https:\\\/\\\/eljoilfield.com\\\/services\\\/\"]}]},{\"@type\":\"ImageObject\",\"inLanguage\":\"en-US\",\"@id\":\"https:\\\/\\\/eljoilfield.com\\\/services\\\/#primaryimage\",\"url\":\"https:\\\/\\\/eljoilfield.com\\\/wp-content\\\/uploads\\\/2026\\\/03\\\/Well-intervention-1024x683.jpg\",\"contentUrl\":\"https:\\\/\\\/eljoilfield.com\\\/wp-content\\\/uploads\\\/2026\\\/03\\\/Well-intervention-1024x683.jpg\"},{\"@type\":\"BreadcrumbList\",\"@id\":\"https:\\\/\\\/eljoilfield.com\\\/services\\\/#breadcrumb\",\"itemListElement\":[{\"@type\":\"ListItem\",\"position\":1,\"name\":\"Home\",\"item\":\"https:\\\/\\\/eljoilfield.com\\\/\"},{\"@type\":\"ListItem\",\"position\":2,\"name\":\"Services\"}]},{\"@type\":\"WebSite\",\"@id\":\"https:\\\/\\\/eljoilfield.com\\\/#website\",\"url\":\"https:\\\/\\\/eljoilfield.com\\\/\",\"name\":\"\",\"description\":\"\",\"potentialAction\":[{\"@type\":\"SearchAction\",\"target\":{\"@type\":\"EntryPoint\",\"urlTemplate\":\"https:\\\/\\\/eljoilfield.com\\\/?s={search_term_string}\"},\"query-input\":{\"@type\":\"PropertyValueSpecification\",\"valueRequired\":true,\"valueName\":\"search_term_string\"}}],\"inLanguage\":\"en-US\"}]}<\/script>\n<!-- \/ Yoast SEO plugin. -->","yoast_head_json":{"title":"Services -","robots":{"index":"index","follow":"follow","max-snippet":"max-snippet:-1","max-image-preview":"max-image-preview:large","max-video-preview":"max-video-preview:-1"},"canonical":"https:\/\/eljoilfield.com\/en\/services\/","og_locale":"en_US","og_type":"article","og_title":"Services -","og_description":"ELJ Oilfield Services accompagne les op\u00e9rateurs dans l\u2019am\u00e9lioration de la performance des puits en combinant expertise terrain, optimisation technique et pilotage des op\u00e9rations, avec pour objectif l\u2019optimisation de la production et la performance globale des interventions. Support Op\u00e9rationnel &amp; Workover Ayant pour objectif d\u2019assurer des op\u00e9rations ma\u00eetris\u00e9es et efficaces. ELJ Oilfield Services assure la supervision [&hellip;]","og_url":"https:\/\/eljoilfield.com\/en\/services\/","article_modified_time":"2026-04-06T23:13:54+00:00","og_image":[{"width":1536,"height":1024,"url":"https:\/\/eljoilfield.com\/wp-content\/uploads\/2026\/03\/Well-intervention.jpg","type":"image\/jpeg"}],"twitter_card":"summary_large_image","twitter_misc":{"Est. reading time":"2 minutes"},"schema":{"@context":"https:\/\/schema.org","@graph":[{"@type":"WebPage","@id":"https:\/\/eljoilfield.com\/services\/","url":"https:\/\/eljoilfield.com\/services\/","name":"Services -","isPartOf":{"@id":"https:\/\/eljoilfield.com\/#website"},"primaryImageOfPage":{"@id":"https:\/\/eljoilfield.com\/services\/#primaryimage"},"image":{"@id":"https:\/\/eljoilfield.com\/services\/#primaryimage"},"thumbnailUrl":"https:\/\/eljoilfield.com\/wp-content\/uploads\/2026\/03\/Well-intervention-1024x683.jpg","datePublished":"2026-03-08T16:05:24+00:00","dateModified":"2026-04-06T23:13:54+00:00","breadcrumb":{"@id":"https:\/\/eljoilfield.com\/services\/#breadcrumb"},"inLanguage":"en-US","potentialAction":[{"@type":"ReadAction","target":["https:\/\/eljoilfield.com\/services\/"]}]},{"@type":"ImageObject","inLanguage":"en-US","@id":"https:\/\/eljoilfield.com\/services\/#primaryimage","url":"https:\/\/eljoilfield.com\/wp-content\/uploads\/2026\/03\/Well-intervention-1024x683.jpg","contentUrl":"https:\/\/eljoilfield.com\/wp-content\/uploads\/2026\/03\/Well-intervention-1024x683.jpg"},{"@type":"BreadcrumbList","@id":"https:\/\/eljoilfield.com\/services\/#breadcrumb","itemListElement":[{"@type":"ListItem","position":1,"name":"Home","item":"https:\/\/eljoilfield.com\/"},{"@type":"ListItem","position":2,"name":"Services"}]},{"@type":"WebSite","@id":"https:\/\/eljoilfield.com\/#website","url":"https:\/\/eljoilfield.com\/","name":"","description":"","potentialAction":[{"@type":"SearchAction","target":{"@type":"EntryPoint","urlTemplate":"https:\/\/eljoilfield.com\/?s={search_term_string}"},"query-input":{"@type":"PropertyValueSpecification","valueRequired":true,"valueName":"search_term_string"}}],"inLanguage":"en-US"}]}},"_links":{"self":[{"href":"https:\/\/eljoilfield.com\/en\/wp-json\/wp\/v2\/pages\/27","targetHints":{"allow":["GET"]}}],"collection":[{"href":"https:\/\/eljoilfield.com\/en\/wp-json\/wp\/v2\/pages"}],"about":[{"href":"https:\/\/eljoilfield.com\/en\/wp-json\/wp\/v2\/types\/page"}],"author":[{"embeddable":true,"href":"https:\/\/eljoilfield.com\/en\/wp-json\/wp\/v2\/users\/1"}],"replies":[{"embeddable":true,"href":"https:\/\/eljoilfield.com\/en\/wp-json\/wp\/v2\/comments?post=27"}],"version-history":[{"count":71,"href":"https:\/\/eljoilfield.com\/en\/wp-json\/wp\/v2\/pages\/27\/revisions"}],"predecessor-version":[{"id":401,"href":"https:\/\/eljoilfield.com\/en\/wp-json\/wp\/v2\/pages\/27\/revisions\/401"}],"wp:attachment":[{"href":"https:\/\/eljoilfield.com\/en\/wp-json\/wp\/v2\/media?parent=27"}],"curies":[{"name":"wp","href":"https:\/\/api.w.org\/{rel}","templated":true}]}}