{"id":22,"date":"2026-03-05T19:07:46","date_gmt":"2026-03-05T19:07:46","guid":{"rendered":"https:\/\/eljoilfield.com\/about\/"},"modified":"2026-04-06T22:58:18","modified_gmt":"2026-04-06T22:58:18","slug":"about","status":"publish","type":"page","link":"https:\/\/eljoilfield.com\/en\/about\/","title":{"rendered":"A propos de Nous"},"content":{"rendered":"<div data-elementor-type=\"wp-page\" data-elementor-id=\"22\" class=\"elementor elementor-22\">\n\t\t\t\t<div class=\"elementor-element elementor-element-6c485018 e-flex e-con-boxed e-con e-parent\" data-id=\"6c485018\" data-element_type=\"container\" data-e-type=\"container\">\n\t\t\t\t\t<div class=\"e-con-inner\">\n\t\t\t\t<div class=\"elementor-element elementor-element-4b53d849 elementor-widget elementor-widget-text-editor\" data-id=\"4b53d849\" data-element_type=\"widget\" data-e-type=\"widget\" data-widget_type=\"text-editor.default\">\n\t\t\t\t\t\t\t\t\t<p>ELJ Oilfield Services\u00a0 est une entreprise de droit ivoirien cr\u00e9\u00e9e pour r\u00e9pondre aux besoins croissants du secteur p\u00e9trolier en C\u00f4te d\u2019Ivoire et dans la sous-r\u00e9gion.<\/p><p>Notre mod\u00e8le organisationnel repose sur :<\/p><ul><li>Une direction technique exp\u00e9riment\u00e9e dans les op\u00e9rations de stimulation, intervention et workover<\/li><li>Une coordination op\u00e9rationnelle rigoureuse<\/li><li>Des partenariats techniques qualifi\u00e9s<\/li><li>Une gouvernance ax\u00e9e sur la conformit\u00e9 et la gestion des risques<\/li><li>Une strat\u00e9gie progressive de d\u00e9veloppement de capacit\u00e9s propres<\/li><\/ul><p>Cette structure permet \u00e0 ELJ Oilfield Services d\u2019intervenir sur des projets de diff\u00e9rentes envergures tout en maintenant un haut niveau de contr\u00f4le technique et op\u00e9rationnel.<\/p>\t\t\t\t\t\t\t\t<\/div>\n\t\t\t\t\t<\/div>\n\t\t\t\t<\/div>\n\t\t<div class=\"elementor-element elementor-element-6fdaf5e e-grid e-con-boxed e-con e-parent\" data-id=\"6fdaf5e\" data-element_type=\"container\" data-e-type=\"container\">\n\t\t\t\t\t<div class=\"e-con-inner\">\n\t\t\t\t<div class=\"elementor-element elementor-element-798055c elementor-widget__width-inherit elementor-widget elementor-widget-text-editor\" data-id=\"798055c\" data-element_type=\"widget\" data-e-type=\"widget\" data-widget_type=\"text-editor.default\">\n\t\t\t\t\t\t\t\t\t<h3><strong>Mod\u00e8le d\u2019Ex\u00e9cution &amp; D\u00e9veloppement<\/strong><\/h3><p>ELJ Oilfield Services adopte un mod\u00e8le \u00e9volutif combinant :<\/p><ul><li>Leadership technique interne<\/li><li>Partenariats sp\u00e9cialis\u00e9s<\/li><li>Coordination locale structur\u00e9e<\/li><li>Gouvernance orient\u00e9e conformit\u00e9<\/li><\/ul><p>Dans le cadre de projets s\u00e9curis\u00e9s contractuellement, ELJ Oilfield Services peut engager des investissements cibl\u00e9s (CAPEX) afin de d\u00e9velopper progressivement des capacit\u00e9s op\u00e9rationnelles propres dans la sous-r\u00e9gion.<\/p>\t\t\t\t\t\t\t\t<\/div>\n\t\t\t\t<div class=\"elementor-element elementor-element-072d611 elementor-widget elementor-widget-image\" data-id=\"072d611\" data-element_type=\"widget\" data-e-type=\"widget\" data-widget_type=\"image.default\">\n\t\t\t\t\t\t\t\t\t\t\t\t\t\t\t<img fetchpriority=\"high\" decoding=\"async\" width=\"640\" height=\"426\" src=\"https:\/\/eljoilfield.com\/wp-content\/uploads\/2026\/03\/aboutus-1024x682.jpg\" class=\"attachment-large size-large wp-image-228\" alt=\"\" srcset=\"https:\/\/eljoilfield.com\/wp-content\/uploads\/2026\/03\/aboutus-1024x682.jpg 1024w, https:\/\/eljoilfield.com\/wp-content\/uploads\/2026\/03\/aboutus-300x200.jpg 300w, https:\/\/eljoilfield.com\/wp-content\/uploads\/2026\/03\/aboutus-768x512.jpg 768w, https:\/\/eljoilfield.com\/wp-content\/uploads\/2026\/03\/aboutus-18x12.jpg 18w, https:\/\/eljoilfield.com\/wp-content\/uploads\/2026\/03\/aboutus.jpg 1280w\" sizes=\"(max-width: 640px) 100vw, 640px\" \/>\t\t\t\t\t\t\t\t\t\t\t\t\t\t\t<\/div>\n\t\t\t\t\t<\/div>\n\t\t\t\t<\/div>\n\t\t<div class=\"elementor-element elementor-element-97d15e3 e-grid e-con-boxed e-con e-parent\" data-id=\"97d15e3\" data-element_type=\"container\" data-e-type=\"container\">\n\t\t\t\t\t<div class=\"e-con-inner\">\n\t\t\t\t<div class=\"elementor-element elementor-element-8143f6b elementor-widget elementor-widget-text-editor\" data-id=\"8143f6b\" data-element_type=\"widget\" data-e-type=\"widget\" data-widget_type=\"text-editor.default\">\n\t\t\t\t\t\t\t\t\t<h3><strong>Vision<\/strong><\/h3><p>Devenir un acteur op\u00e9rationnel de r\u00e9f\u00e9rence en stimulation et\u00a0 well intervention en Afrique, en d\u00e9veloppant progressivement des capacit\u00e9s techniques et d\u2019ex\u00e9cution locales conformes aux standards internationaux.<\/p><h3><strong>Mission<\/strong><\/h3><p>Fournir des solutions techniques fiables, s\u00e9curis\u00e9es et conformes aux exigences des op\u00e9rateurs, tout en construisant une capacit\u00e9 op\u00e9rationnelle durable contribuant au d\u00e9veloppement \u00e9nerg\u00e9tique r\u00e9gional.<\/p><h3><strong>Leadership &amp; Organisation<\/strong><\/h3><p>ELJ Oilfield Services s\u2019appuie sur une direction disposant d\u2019une expertise confirm\u00e9e dans des environnements op\u00e9rationnels exigeants.<\/p><p>Notre organisation est con\u00e7ue pour :<\/p><ul><li>Mobiliser des comp\u00e9tences sp\u00e9cialis\u00e9es en fonction des projets<\/li><li>Structurer la gestion des risques<\/li><li>Garantir la conformit\u00e9 r\u00e9glementaire r\u00e9gionale<\/li><li>Maintenir une gouvernance transparente et document\u00e9e<\/li><\/ul><p>Ce mod\u00e8le flexible permet une mont\u00e9e en puissance progressive selon la nature et la taille des projets.<\/p>\t\t\t\t\t\t\t\t<\/div>\n\t\t\t\t\t<\/div>\n\t\t\t\t<\/div>\n\t\t\t\t<\/div>","protected":false},"excerpt":{"rendered":"<p>ELJ Oilfield Services\u00a0 est une entreprise de droit ivoirien cr\u00e9\u00e9e pour r\u00e9pondre aux besoins croissants du secteur p\u00e9trolier en C\u00f4te d\u2019Ivoire et dans la sous-r\u00e9gion. Notre mod\u00e8le organisationnel repose sur : Une direction technique exp\u00e9riment\u00e9e dans les op\u00e9rations de stimulation, intervention et workover Une coordination op\u00e9rationnelle rigoureuse Des partenariats techniques qualifi\u00e9s Une gouvernance ax\u00e9e sur [&hellip;]<\/p>\n","protected":false},"author":1,"featured_media":0,"parent":0,"menu_order":0,"comment_status":"closed","ping_status":"closed","template":"elementor_header_footer","meta":{"footnotes":""},"class_list":["post-22","page","type-page","status-publish","hentry"],"yoast_head":"<!-- This site is optimized with the Yoast SEO plugin v27.5 - https:\/\/yoast.com\/product\/yoast-seo-wordpress\/ -->\n<title>A propos de Nous -<\/title>\n<meta name=\"robots\" content=\"index, follow, max-snippet:-1, max-image-preview:large, max-video-preview:-1\" \/>\n<link rel=\"canonical\" href=\"https:\/\/eljoilfield.com\/en\/about\/\" \/>\n<meta property=\"og:locale\" content=\"en_US\" \/>\n<meta property=\"og:type\" content=\"article\" \/>\n<meta property=\"og:title\" content=\"A propos de Nous -\" \/>\n<meta property=\"og:description\" content=\"ELJ Oilfield Services\u00a0 est une entreprise de droit ivoirien cr\u00e9\u00e9e pour r\u00e9pondre aux besoins croissants du secteur p\u00e9trolier en C\u00f4te d\u2019Ivoire et dans la sous-r\u00e9gion. Notre mod\u00e8le organisationnel repose sur : Une direction technique exp\u00e9riment\u00e9e dans les op\u00e9rations de stimulation, intervention et workover Une coordination op\u00e9rationnelle rigoureuse Des partenariats techniques qualifi\u00e9s Une gouvernance ax\u00e9e sur [&hellip;]\" \/>\n<meta property=\"og:url\" content=\"https:\/\/eljoilfield.com\/en\/about\/\" \/>\n<meta property=\"article:modified_time\" content=\"2026-04-06T22:58:18+00:00\" \/>\n<meta property=\"og:image\" content=\"https:\/\/eljoilfield.com\/wp-content\/uploads\/2026\/03\/aboutus.jpg\" \/>\n\t<meta property=\"og:image:width\" content=\"1280\" \/>\n\t<meta property=\"og:image:height\" content=\"853\" \/>\n\t<meta property=\"og:image:type\" content=\"image\/jpeg\" \/>\n<meta name=\"twitter:card\" content=\"summary_large_image\" \/>\n<meta name=\"twitter:label1\" content=\"Est. reading time\" \/>\n\t<meta name=\"twitter:data1\" content=\"2 minutes\" \/>\n<script type=\"application\/ld+json\" class=\"yoast-schema-graph\">{\"@context\":\"https:\\\/\\\/schema.org\",\"@graph\":[{\"@type\":\"WebPage\",\"@id\":\"https:\\\/\\\/eljoilfield.com\\\/about\\\/\",\"url\":\"https:\\\/\\\/eljoilfield.com\\\/about\\\/\",\"name\":\"A propos de Nous -\",\"isPartOf\":{\"@id\":\"https:\\\/\\\/eljoilfield.com\\\/#website\"},\"primaryImageOfPage\":{\"@id\":\"https:\\\/\\\/eljoilfield.com\\\/about\\\/#primaryimage\"},\"image\":{\"@id\":\"https:\\\/\\\/eljoilfield.com\\\/about\\\/#primaryimage\"},\"thumbnailUrl\":\"https:\\\/\\\/eljoilfield.com\\\/wp-content\\\/uploads\\\/2026\\\/03\\\/aboutus-1024x682.jpg\",\"datePublished\":\"2026-03-05T19:07:46+00:00\",\"dateModified\":\"2026-04-06T22:58:18+00:00\",\"breadcrumb\":{\"@id\":\"https:\\\/\\\/eljoilfield.com\\\/about\\\/#breadcrumb\"},\"inLanguage\":\"en-US\",\"potentialAction\":[{\"@type\":\"ReadAction\",\"target\":[\"https:\\\/\\\/eljoilfield.com\\\/about\\\/\"]}]},{\"@type\":\"ImageObject\",\"inLanguage\":\"en-US\",\"@id\":\"https:\\\/\\\/eljoilfield.com\\\/about\\\/#primaryimage\",\"url\":\"https:\\\/\\\/eljoilfield.com\\\/wp-content\\\/uploads\\\/2026\\\/03\\\/aboutus-1024x682.jpg\",\"contentUrl\":\"https:\\\/\\\/eljoilfield.com\\\/wp-content\\\/uploads\\\/2026\\\/03\\\/aboutus-1024x682.jpg\"},{\"@type\":\"BreadcrumbList\",\"@id\":\"https:\\\/\\\/eljoilfield.com\\\/about\\\/#breadcrumb\",\"itemListElement\":[{\"@type\":\"ListItem\",\"position\":1,\"name\":\"Home\",\"item\":\"https:\\\/\\\/eljoilfield.com\\\/\"},{\"@type\":\"ListItem\",\"position\":2,\"name\":\"A propos de Nous\"}]},{\"@type\":\"WebSite\",\"@id\":\"https:\\\/\\\/eljoilfield.com\\\/#website\",\"url\":\"https:\\\/\\\/eljoilfield.com\\\/\",\"name\":\"\",\"description\":\"\",\"potentialAction\":[{\"@type\":\"SearchAction\",\"target\":{\"@type\":\"EntryPoint\",\"urlTemplate\":\"https:\\\/\\\/eljoilfield.com\\\/?s={search_term_string}\"},\"query-input\":{\"@type\":\"PropertyValueSpecification\",\"valueRequired\":true,\"valueName\":\"search_term_string\"}}],\"inLanguage\":\"en-US\"}]}<\/script>\n<!-- \/ Yoast SEO plugin. -->","yoast_head_json":{"title":"A propos de Nous -","robots":{"index":"index","follow":"follow","max-snippet":"max-snippet:-1","max-image-preview":"max-image-preview:large","max-video-preview":"max-video-preview:-1"},"canonical":"https:\/\/eljoilfield.com\/en\/about\/","og_locale":"en_US","og_type":"article","og_title":"A propos de Nous -","og_description":"ELJ Oilfield Services\u00a0 est une entreprise de droit ivoirien cr\u00e9\u00e9e pour r\u00e9pondre aux besoins croissants du secteur p\u00e9trolier en C\u00f4te d\u2019Ivoire et dans la sous-r\u00e9gion. Notre mod\u00e8le organisationnel repose sur : Une direction technique exp\u00e9riment\u00e9e dans les op\u00e9rations de stimulation, intervention et workover Une coordination op\u00e9rationnelle rigoureuse Des partenariats techniques qualifi\u00e9s Une gouvernance ax\u00e9e sur [&hellip;]","og_url":"https:\/\/eljoilfield.com\/en\/about\/","article_modified_time":"2026-04-06T22:58:18+00:00","og_image":[{"width":1280,"height":853,"url":"https:\/\/eljoilfield.com\/wp-content\/uploads\/2026\/03\/aboutus.jpg","type":"image\/jpeg"}],"twitter_card":"summary_large_image","twitter_misc":{"Est. reading time":"2 minutes"},"schema":{"@context":"https:\/\/schema.org","@graph":[{"@type":"WebPage","@id":"https:\/\/eljoilfield.com\/about\/","url":"https:\/\/eljoilfield.com\/about\/","name":"A propos de Nous -","isPartOf":{"@id":"https:\/\/eljoilfield.com\/#website"},"primaryImageOfPage":{"@id":"https:\/\/eljoilfield.com\/about\/#primaryimage"},"image":{"@id":"https:\/\/eljoilfield.com\/about\/#primaryimage"},"thumbnailUrl":"https:\/\/eljoilfield.com\/wp-content\/uploads\/2026\/03\/aboutus-1024x682.jpg","datePublished":"2026-03-05T19:07:46+00:00","dateModified":"2026-04-06T22:58:18+00:00","breadcrumb":{"@id":"https:\/\/eljoilfield.com\/about\/#breadcrumb"},"inLanguage":"en-US","potentialAction":[{"@type":"ReadAction","target":["https:\/\/eljoilfield.com\/about\/"]}]},{"@type":"ImageObject","inLanguage":"en-US","@id":"https:\/\/eljoilfield.com\/about\/#primaryimage","url":"https:\/\/eljoilfield.com\/wp-content\/uploads\/2026\/03\/aboutus-1024x682.jpg","contentUrl":"https:\/\/eljoilfield.com\/wp-content\/uploads\/2026\/03\/aboutus-1024x682.jpg"},{"@type":"BreadcrumbList","@id":"https:\/\/eljoilfield.com\/about\/#breadcrumb","itemListElement":[{"@type":"ListItem","position":1,"name":"Home","item":"https:\/\/eljoilfield.com\/"},{"@type":"ListItem","position":2,"name":"A propos de Nous"}]},{"@type":"WebSite","@id":"https:\/\/eljoilfield.com\/#website","url":"https:\/\/eljoilfield.com\/","name":"","description":"","potentialAction":[{"@type":"SearchAction","target":{"@type":"EntryPoint","urlTemplate":"https:\/\/eljoilfield.com\/?s={search_term_string}"},"query-input":{"@type":"PropertyValueSpecification","valueRequired":true,"valueName":"search_term_string"}}],"inLanguage":"en-US"}]}},"_links":{"self":[{"href":"https:\/\/eljoilfield.com\/en\/wp-json\/wp\/v2\/pages\/22","targetHints":{"allow":["GET"]}}],"collection":[{"href":"https:\/\/eljoilfield.com\/en\/wp-json\/wp\/v2\/pages"}],"about":[{"href":"https:\/\/eljoilfield.com\/en\/wp-json\/wp\/v2\/types\/page"}],"author":[{"embeddable":true,"href":"https:\/\/eljoilfield.com\/en\/wp-json\/wp\/v2\/users\/1"}],"replies":[{"embeddable":true,"href":"https:\/\/eljoilfield.com\/en\/wp-json\/wp\/v2\/comments?post=22"}],"version-history":[{"count":56,"href":"https:\/\/eljoilfield.com\/en\/wp-json\/wp\/v2\/pages\/22\/revisions"}],"predecessor-version":[{"id":376,"href":"https:\/\/eljoilfield.com\/en\/wp-json\/wp\/v2\/pages\/22\/revisions\/376"}],"wp:attachment":[{"href":"https:\/\/eljoilfield.com\/en\/wp-json\/wp\/v2\/media?parent=22"}],"curies":[{"name":"wp","href":"https:\/\/api.w.org\/{rel}","templated":true}]}}